{"id":857,"date":"2024-10-24T09:33:18","date_gmt":"2024-10-24T07:33:18","guid":{"rendered":"https:\/\/artdupastelenfrance.fr\/expositions\/"},"modified":"2025-10-15T15:00:05","modified_gmt":"2025-10-15T13:00:05","slug":"exhibitions","status":"publish","type":"page","link":"https:\/\/artdupastelenfrance.fr\/en\/exhibitions\/","title":{"rendered":"Exhibitions"},"content":{"rendered":"<section class=\"l-section wpb_row height_medium\"><div class=\"l-section-overlay\" style=\"background:var(--color-content-bg-alt)\"><\/div><div class=\"l-section-h i-cf\"><div class=\"g-cols vc_row via_flex valign_top type_default stacking_default\"><div class=\"vc_col-sm-12 wpb_column vc_column_container\"><div class=\"vc_column-inner\"><div class=\"wpb_wrapper\"><div class=\"w-grid us_post_list type_grid layout_805 ap-grid-pageexpo cols_1 preload_style_spinner\" id=\"us_post_list_y792\" style=\"--columns:1;--gap:0px;\"><style>.layout_805 .w-grid-item-h{}.layout_805 .usg_post_custom_field_1{color:var(--color-content-heading)!important;font-size:1.2rem!important;line-height:1.2!important;font-weight:700!important;margin-bottom:0!important}.layout_805 .usg_post_custom_field_2{color:var(--color-content-heading)!important;font-weight:700!important}.layout_805 .usg_post_custom_field_4{color:var(--color-content-heading)!important;margin-bottom:0!important}.layout_805 .usg_post_custom_field_5{color:var(--color-content-heading)!important;margin-bottom:1rem!important}.layout_805 .usg_vwrapper_1{padding:2rem!important;background:#ffffff!important}.layout_805 .usg_post_custom_field_6{color:var(--color-content-heading)!important}.layout_805 .usg_html_1{margin-bottom:0!important}.layout_805 .usg_text_1{margin-bottom:0!important}<\/style><div class=\"w-grid-list\">\t<article class=\"w-grid-item size_1x1 post-3099 exposition type-exposition status-publish has-post-thumbnail hentry annee_exposition-19\" data-id=\"3099\">\r\n\t\t<div class=\"w-grid-item-h\">\r\n\t\t\t\t\t\t<div class=\"w-vwrapper usg_vwrapper_1 ap-gridexpo-mainwrapper align_none valign_top\"><h1 class=\"w-text usg_text_1\"><span class=\"w-text-h\"><span class=\"w-text-value\">Exhibitions<\/span><\/span><\/h1><div class=\"w-html usg_html_1\"><div class=\"ap-grif-fichexpo-seprator\"><\/div><\/div><div class=\"w-hwrapper usg_hwrapper_1 ap-gridexpo-innerwrapper align_none valign_top\"><div class=\"w-vwrapper usg_vwrapper_2 ap-wrapper-demi align_left valign_top\"><div class=\"w-post-elm post_custom_field usg_post_custom_field_1 has_text_color type_text nom_de_lexposition color_link_inherit\"><span class=\"w-post-elm-value\">Salon International de pastels Berric 2026<\/span><\/div><div class=\"w-post-elm post_custom_field usg_post_custom_field_2 has_text_color type_text date_de_exposition color_link_inherit\"><span class=\"w-post-elm-value\">from 23 to 31 may 2026<\/span><\/div><a class=\"w-btn us-btn-style_2 usg_btn_3\" href=\"https:\/\/artdupastelenfrance.fr\/en\/exposition\/salon-international-de-pastel-berric-2026\/\"><span class=\"w-btn-label\">Read more<\/span><\/a><a class=\"w-btn us-btn-style_2 usg_btn_2\" target=\"_blank\" href=\"https:\/\/artdupastelenfrance.fr\/wp-content\/uploads\/2025\/11\/Reglement_Berric_2026_AN.pdf\"><span class=\"w-btn-label\">Regulations<\/span><\/a><\/div><div class=\"w-vwrapper usg_vwrapper_3 ap-wrapper-demi align_left valign_top\"><div class=\"w-post-elm post_custom_field usg_post_custom_field_4 ap-grid-fiche-expo-icone has_text_color type_text lieux_exposition color_link_inherit\"><i class=\"fal fa-map-marker\"><\/i><span class=\"w-post-elm-value\">Salle du Verger<\/span><\/div><div class=\"w-post-elm post_custom_field usg_post_custom_field_5 has_text_color type_text cp_et_ville color_link_inherit\"><span class=\"w-post-elm-value\">56230 BERRIC<\/span><\/div><div class=\"w-post-elm post_custom_field usg_post_custom_field_6 ap-grid-expo-invite ap-grid-fiche-expo-icone has_text_color type_text nom_invite_expo color_link_inherit\"><i class=\"fal fa-user\"><\/i><span class=\"w-post-elm-before\">Guest of honour: <\/span><a href=\"https:\/\/artdupastelenfrance.fr\/artiste\/patrick-bechtold\/\"><span class=\"w-post-elm-value\">Patrick Bechtold<\/span><\/a><\/div><\/div><\/div><\/div><div class=\"w-post-elm post_custom_field usg_post_custom_field_3 ap-gridexpo-featureimg type_image us_tile_additional_image color_link_inherit has_ratio\"><div style=\"padding-bottom:42.8571%\"><\/div><img loading=\"lazy\" decoding=\"async\" width=\"1837\" height=\"1793\" src=\"https:\/\/artdupastelenfrance.fr\/wp-content\/uploads\/2025\/10\/bechtold-pom-2026.jpeg\" class=\"attachment-full size-full\" alt=\"\" srcset=\"https:\/\/artdupastelenfrance.fr\/wp-content\/uploads\/2025\/10\/bechtold-pom-2026.jpeg 1837w, https:\/\/artdupastelenfrance.fr\/wp-content\/uploads\/2025\/10\/bechtold-pom-2026-300x293.jpeg 300w, https:\/\/artdupastelenfrance.fr\/wp-content\/uploads\/2025\/10\/bechtold-pom-2026-1024x999.jpeg 1024w\" sizes=\"auto, (max-width: 1837px) 100vw, 1837px\" \/><\/div>\t\t<\/div>\r\n\t\t\t<\/article>\r\n<\/div><div class=\"g-loadmore hidden\"><div class=\"g-preloader type_1\"><div><\/div><\/div><\/div><div class=\"w-grid-list-json hidden\" onclick='return {&quot;max_num_pages&quot;:0,&quot;paginationBase&quot;:&quot;page&quot;,&quot;pagination&quot;:&quot;none&quot;,&quot;paged&quot;:1,&quot;ajaxData&quot;:{&quot;action&quot;:&quot;us_ajax_post_list&quot;,&quot;meta_type&quot;:&quot;post&quot;,&quot;object_id&quot;:0,&quot;template_vars&quot;:{&quot;shortcode_base&quot;:&quot;us_post_list&quot;,&quot;paged&quot;:1,&quot;max_num_pages&quot;:0,&quot;no_results&quot;:false,&quot;us_post_content_design_css&quot;:[],&quot;found_posts&quot;:0,&quot;per_page&quot;:1,&quot;items_count&quot;:1,&quot;orderby_random_seed&quot;:null,&quot;source&quot;:&quot;all&quot;,&quot;custom_field_name&quot;:&quot;&quot;,&quot;ids&quot;:&quot;&quot;,&quot;post_type&quot;:&quot;exposition&quot;,&quot;attachment_ids&quot;:null,&quot;include_post_thumbnail&quot;:0,&quot;post_author&quot;:&quot;any&quot;,&quot;post_author_ids&quot;:&quot;&quot;,&quot;apply_url_params&quot;:0,&quot;ignore_sticky_posts&quot;:1,&quot;exclude_children&quot;:0,&quot;exclude_current_post&quot;:&quot;0&quot;,&quot;exclude_prev_posts&quot;:0,&quot;exclude_past_events&quot;:0,&quot;enable_items_offset&quot;:0,&quot;items_offset&quot;:&quot;1&quot;,&quot;tax_query_relation&quot;:&quot;AND&quot;,&quot;tax_query&quot;:&quot;%5B%7B%22operator%22%3A%22IN%22%2C%22taxonomy%22%3A%22annee_exposition%22%2C%22terms%22%3A%2219%22%2C%22include_children%22%3A%220%22%7D%5D&quot;,&quot;meta_query_relation&quot;:&quot;none&quot;,&quot;meta_query&quot;:[{&quot;key&quot;:&quot;custom_field_name&quot;,&quot;compare&quot;:&quot;=&quot;,&quot;value&quot;:&quot;&quot;}],&quot;orderby&quot;:&quot;date&quot;,&quot;orderby_custom_field&quot;:&quot;&quot;,&quot;orderby_custom_type&quot;:0,&quot;order_invert&quot;:&quot;1&quot;,&quot;show_all&quot;:0,&quot;quantity&quot;:&quot;1&quot;,&quot;posts_per_archive_page&quot;:0,&quot;no_items_action&quot;:&quot;message&quot;,&quot;no_items_message&quot;:&quot;Next exhibition, soon...&quot;,&quot;no_items_page_block&quot;:&quot;&quot;,&quot;pagination&quot;:&quot;none&quot;,&quot;pagination_style&quot;:&quot;&quot;,&quot;pagination_btn_text&quot;:&quot;Load More&quot;,&quot;pagination_btn_size&quot;:&quot;&quot;,&quot;pagination_btn_style&quot;:&quot;1&quot;,&quot;pagination_btn_fullwidth&quot;:0,&quot;items_layout&quot;:&quot;805&quot;,&quot;type&quot;:&quot;grid&quot;,&quot;items_valign&quot;:0,&quot;ignore_items_size&quot;:0,&quot;columns&quot;:&quot;1&quot;,&quot;items_gap&quot;:&quot;0px&quot;,&quot;load_animation&quot;:&quot;none&quot;,&quot;items_preload_style&quot;:&quot;spinner&quot;,&quot;img_size&quot;:&quot;default&quot;,&quot;title_size&quot;:&quot;&quot;,&quot;items_ratio&quot;:&quot;default&quot;,&quot;items_ratio_width&quot;:&quot;21&quot;,&quot;items_ratio_height&quot;:&quot;9&quot;,&quot;overriding_link&quot;:&quot;%7B%22url%22%3A%22%22%7D&quot;,&quot;popup_page_template&quot;:&quot;0&quot;,&quot;popup_width&quot;:&quot;&quot;,&quot;popup_arrows&quot;:1,&quot;breakpoint_1_width&quot;:&quot;1381px&quot;,&quot;breakpoint_1_cols&quot;:&quot;default&quot;,&quot;breakpoint_1_quantity&quot;:&quot;&quot;,&quot;breakpoint_1_gap&quot;:&quot;&quot;,&quot;breakpoint_2_width&quot;:&quot;1025px&quot;,&quot;breakpoint_2_cols&quot;:&quot;1&quot;,&quot;breakpoint_2_quantity&quot;:&quot;&quot;,&quot;breakpoint_2_gap&quot;:&quot;&quot;,&quot;breakpoint_3_width&quot;:&quot;601px&quot;,&quot;breakpoint_3_cols&quot;:&quot;1&quot;,&quot;breakpoint_3_quantity&quot;:&quot;&quot;,&quot;breakpoint_3_gap&quot;:&quot;&quot;,&quot;conditions_operator&quot;:&quot;always&quot;,&quot;conditions&quot;:[],&quot;css&quot;:null,&quot;el_class&quot;:&quot;&quot;,&quot;el_id&quot;:&quot;&quot;,&quot;enable_custom_html_atts&quot;:0,&quot;custom_html_atts&quot;:null,&quot;hide_on_states&quot;:&quot;&quot;,&quot;hide_for_sticky&quot;:0,&quot;hide_for_not_sticky&quot;:0,&quot;hide_below&quot;:&quot;0px&quot;,&quot;hide_above&quot;:&quot;0px&quot;,&quot;classes&quot;:&quot;&quot;},&quot;found_posts&quot;:0,&quot;per_page&quot;:1},&quot;facetedFilter&quot;:[]}'><\/div><\/div><\/div><\/div><\/div><\/div><\/div><\/section><section class=\"l-section wpb_row height_medium\"><div class=\"l-section-h i-cf\"><div class=\"g-cols vc_row via_flex valign_top type_default stacking_default\"><div class=\"vc_col-sm-12 wpb_column vc_column_container\"><div class=\"vc_column-inner\"><div class=\"wpb_wrapper\"><div class=\"w-grid us_post_list type_grid layout_810 ap-gridexpo-archive cols_3 pagination_load_on_btn preload_style_spinner\" id=\"us_post_list_u010\" style=\"--columns:3;--gap:1.5rem;\"><style>@media (max-width:1024px){#us_post_list_u010{--columns:1!important}}@media (max-width:600px){#us_post_list_u010{--columns:1!important}}.layout_810 .w-grid-item-h{}.layout_810 .usg_vwrapper_1{transition-duration:0.3s;transform-origin:50% 50%;transform:scale(1) translate(0%,0%)}.layout_810 .w-grid-item-h:focus-within .usg_vwrapper_1,.layout_810 .w-grid-item-h:hover .usg_vwrapper_1{transform:scale(1) translate(0%,0%);opacity:0}.layout_810 .usg_post_custom_field_1{color:var(--color-content-heading)!important;font-size:1.75rem!important;line-height:1.2!important;font-weight:700!important;margin-bottom:0!important}.layout_810 .usg_post_custom_field_2{color:var(--color-content-heading)!important;font-weight:700!important}.layout_810 .usg_vwrapper_1{background:#ffffff!important}.layout_810 .usg_post_custom_field_6{color:var(--color-content-heading)!important}.layout_810 .usg_html_1{margin-bottom:0!important}@media (min-width:1025px) and (max-width:1380px){.layout_810 .usg_post_custom_field_1{color:var(--color-content-heading)!important;font-size:1.75rem!important;line-height:1.2!important;font-weight:700!important}}@media (min-width:601px) and (max-width:1024px){.layout_810 .usg_post_custom_field_1{color:var(--color-content-heading)!important;font-size:1.75rem!important;line-height:1.2!important;font-weight:700!important}}@media (max-width:600px){.layout_810 .usg_post_custom_field_1{color:var(--color-content-heading)!important;font-size:1.45rem!important;line-height:1.2!important;font-weight:700!important}}<\/style><div class=\"w-grid-list\">\t<article class=\"w-grid-item size_1x1 post-885 exposition type-exposition status-publish has-post-thumbnail hentry annee_exposition-3\" data-id=\"885\">\r\n\t\t<div class=\"w-grid-item-h\">\r\n\t\t\t\t\t\t\t<a href=\"https:\/\/artdupastelenfrance.fr\/en\/exposition\/salon-international-du-pastel-de-berric\/\" class=\"w-grid-item-anchor\" aria-label=\"Salon International du Pastel de Berric 2025\"><\/a>\r\n\t\t\t\t\t\t<div class=\"w-post-elm post_image usg_post_image_1 has_ratio\"><img loading=\"lazy\" decoding=\"async\" width=\"707\" height=\"1000\" src=\"https:\/\/artdupastelenfrance.fr\/wp-content\/uploads\/2024\/12\/art-pastel-en-france-affiche-salon-berric-2024.jpg\" class=\"attachment-full size-full wp-post-image\" alt=\"\" \/><div style=\"padding-bottom:75%\"><\/div><\/div><div class=\"w-vwrapper usg_vwrapper_1 ap-gridexpo-archive-mainwrapper align_none valign_top\"><div class=\"w-post-elm post_custom_field usg_post_custom_field_1 has_text_color type_text nom_de_lexposition color_link_inherit\"><p>Salon International<br \/>\ndu Pastel de Berric<\/p>\n<\/div><div class=\"w-html usg_html_1\"><div class=\"ap-grif-fichexpo-seprator\"><\/div><\/div><div class=\"w-hwrapper usg_hwrapper_1 ap-gridexpo-innerwrapper align_none valign_top\"><div class=\"w-vwrapper usg_vwrapper_2 align_left valign_top\"><div class=\"w-post-elm post_custom_field usg_post_custom_field_2 has_text_color type_text date_de_exposition color_link_inherit\"><span class=\"w-post-elm-value\">from 7 to 15 June 2025<\/span><\/div><div class=\"w-post-elm post_custom_field usg_post_custom_field_6 ap-grid-expo-invite ap-grid-fiche-expo-icone has_text_color type_text nom_invite_expo color_link_inherit\"><i class=\"fal fa-user\"><\/i><span class=\"w-post-elm-before\">Guest of honour: <\/span><span class=\"w-post-elm-value\">Jacob Aguiar<\/span><\/div><\/div><\/div><\/div>\t\t<\/div>\r\n\t\t\t<\/article>\r\n<\/div><div class=\"g-loadmore hidden\"><div class=\"g-preloader type_1\"><div><\/div><\/div><button class=\"w-btn us-btn-style_1\" type=\"button\"><span class=\"w-btn-label\">Load More<\/span><\/button><\/div><div class=\"w-grid-list-json hidden\" onclick='return {&quot;max_num_pages&quot;:1,&quot;paginationBase&quot;:&quot;page&quot;,&quot;pagination&quot;:&quot;load_on_btn&quot;,&quot;paged&quot;:1,&quot;ajaxData&quot;:{&quot;action&quot;:&quot;us_ajax_post_list&quot;,&quot;meta_type&quot;:&quot;post&quot;,&quot;object_id&quot;:0,&quot;template_vars&quot;:{&quot;us_post_ids_shown_by_grid&quot;:[3099],&quot;shortcode_base&quot;:&quot;us_post_list&quot;,&quot;paged&quot;:1,&quot;max_num_pages&quot;:1,&quot;no_results&quot;:false,&quot;us_post_content_design_css&quot;:[],&quot;found_posts&quot;:1,&quot;per_page&quot;:12,&quot;items_count&quot;:1,&quot;orderby_random_seed&quot;:null,&quot;source&quot;:&quot;all&quot;,&quot;custom_field_name&quot;:&quot;&quot;,&quot;ids&quot;:&quot;&quot;,&quot;post_type&quot;:&quot;exposition&quot;,&quot;attachment_ids&quot;:null,&quot;include_post_thumbnail&quot;:0,&quot;post_author&quot;:&quot;any&quot;,&quot;post_author_ids&quot;:&quot;&quot;,&quot;apply_url_params&quot;:0,&quot;ignore_sticky_posts&quot;:1,&quot;exclude_children&quot;:0,&quot;exclude_current_post&quot;:&quot;0&quot;,&quot;exclude_prev_posts&quot;:&quot;1&quot;,&quot;exclude_past_events&quot;:0,&quot;enable_items_offset&quot;:0,&quot;items_offset&quot;:&quot;1&quot;,&quot;tax_query_relation&quot;:&quot;none&quot;,&quot;tax_query&quot;:[{&quot;operator&quot;:&quot;IN&quot;,&quot;taxonomy&quot;:&quot;category&quot;,&quot;terms&quot;:&quot;&quot;,&quot;include_children&quot;:0}],&quot;meta_query_relation&quot;:&quot;none&quot;,&quot;meta_query&quot;:[{&quot;key&quot;:&quot;custom_field_name&quot;,&quot;compare&quot;:&quot;=&quot;,&quot;value&quot;:&quot;&quot;}],&quot;orderby&quot;:&quot;date&quot;,&quot;orderby_custom_field&quot;:&quot;&quot;,&quot;orderby_custom_type&quot;:0,&quot;order_invert&quot;:&quot;1&quot;,&quot;show_all&quot;:0,&quot;quantity&quot;:&quot;12&quot;,&quot;posts_per_archive_page&quot;:0,&quot;no_items_action&quot;:&quot;hide_grid&quot;,&quot;no_items_message&quot;:&quot;No results found.&quot;,&quot;no_items_page_block&quot;:&quot;&quot;,&quot;pagination&quot;:&quot;load_on_btn&quot;,&quot;pagination_style&quot;:&quot;&quot;,&quot;pagination_btn_text&quot;:&quot;Load More&quot;,&quot;pagination_btn_size&quot;:&quot;&quot;,&quot;pagination_btn_style&quot;:&quot;1&quot;,&quot;pagination_btn_fullwidth&quot;:0,&quot;items_layout&quot;:&quot;810&quot;,&quot;type&quot;:&quot;grid&quot;,&quot;items_valign&quot;:0,&quot;ignore_items_size&quot;:0,&quot;columns&quot;:&quot;3&quot;,&quot;items_gap&quot;:&quot;1.5rem&quot;,&quot;load_animation&quot;:&quot;none&quot;,&quot;items_preload_style&quot;:&quot;spinner&quot;,&quot;img_size&quot;:&quot;default&quot;,&quot;title_size&quot;:&quot;&quot;,&quot;items_ratio&quot;:&quot;default&quot;,&quot;items_ratio_width&quot;:&quot;21&quot;,&quot;items_ratio_height&quot;:&quot;9&quot;,&quot;overriding_link&quot;:&quot;%7B%22type%22%3A%22post%22%7D&quot;,&quot;popup_page_template&quot;:&quot;0&quot;,&quot;popup_width&quot;:&quot;&quot;,&quot;popup_arrows&quot;:1,&quot;breakpoint_1_width&quot;:&quot;1381px&quot;,&quot;breakpoint_1_cols&quot;:&quot;default&quot;,&quot;breakpoint_1_quantity&quot;:&quot;&quot;,&quot;breakpoint_1_gap&quot;:&quot;&quot;,&quot;breakpoint_2_width&quot;:&quot;1025px&quot;,&quot;breakpoint_2_cols&quot;:&quot;1&quot;,&quot;breakpoint_2_quantity&quot;:&quot;&quot;,&quot;breakpoint_2_gap&quot;:&quot;&quot;,&quot;breakpoint_3_width&quot;:&quot;601px&quot;,&quot;breakpoint_3_cols&quot;:&quot;1&quot;,&quot;breakpoint_3_quantity&quot;:&quot;&quot;,&quot;breakpoint_3_gap&quot;:&quot;&quot;,&quot;conditions_operator&quot;:&quot;always&quot;,&quot;conditions&quot;:[],&quot;css&quot;:null,&quot;el_class&quot;:&quot;&quot;,&quot;el_id&quot;:&quot;&quot;,&quot;enable_custom_html_atts&quot;:0,&quot;custom_html_atts&quot;:null,&quot;hide_on_states&quot;:&quot;&quot;,&quot;hide_for_sticky&quot;:0,&quot;hide_for_not_sticky&quot;:0,&quot;hide_below&quot;:&quot;0px&quot;,&quot;hide_above&quot;:&quot;0px&quot;,&quot;classes&quot;:&quot;&quot;},&quot;found_posts&quot;:1,&quot;per_page&quot;:12},&quot;facetedFilter&quot;:[]}'><\/div><\/div><\/div><\/div><\/div><\/div><\/div><\/section>\n","protected":false},"excerpt":{"rendered":"Exposition 2025 Salon International du Pastel de Berric from 7 to 15 June 2025Salle Culturelle Le Verger56230 Berric (Morbihan)Guest of honour Jacob Aguiar Guest of honourJacob Aguiar(PSA MP, IAPS MC) Exhibitors Anne RoncalliD\u00e9couvrir Annie ProvostD\u00e9couvrir Aurore PuifferratD\u00e9couvrir Beatriz Gomez ZazurcaD\u00e9couvrir Brigitte CharlesD\u00e9couvrir Cabanat VivianeD\u00e9couvrir Caill\u00e9 CorinneD\u00e9couvrir Cauchois DanielleD\u00e9couvrir Chagniaud Jean-PierreD\u00e9couvrir Chaminade VioletteD\u00e9couvrir Chevalier Marie-PierreD\u00e9couvrir Christine...","protected":false},"author":1,"featured_media":782,"parent":0,"menu_order":0,"comment_status":"closed","ping_status":"closed","template":"","meta":{"_acf_changed":false,"footnotes":""},"class_list":["post-857","page","type-page","status-publish","has-post-thumbnail","hentry"],"acf":[],"yoast_head":"<!-- This site is optimized with the Yoast SEO plugin v27.2 - https:\/\/yoast.com\/product\/yoast-seo-wordpress\/ -->\n<title>Exhibitions - Art du Pastel en France<\/title>\n<meta name=\"robots\" content=\"index, follow, max-snippet:-1, max-image-preview:large, max-video-preview:-1\" \/>\n<link rel=\"canonical\" href=\"https:\/\/artdupastelenfrance.fr\/en\/exhibitions\/\" \/>\n<meta property=\"og:locale\" content=\"en_US\" \/>\n<meta property=\"og:type\" content=\"article\" \/>\n<meta property=\"og:title\" content=\"Exhibitions - Art du Pastel en France\" \/>\n<meta property=\"og:url\" content=\"https:\/\/artdupastelenfrance.fr\/en\/exhibitions\/\" \/>\n<meta property=\"og:site_name\" content=\"Art du Pastel en France\" \/>\n<meta property=\"article:modified_time\" content=\"2025-10-15T13:00:05+00:00\" \/>\n<meta property=\"og:image\" content=\"https:\/\/artdupastelenfrance.fr\/wp-content\/uploads\/2025\/02\/art-pastel-france-expositions.jpg\" \/>\n\t<meta property=\"og:image:width\" content=\"1900\" \/>\n\t<meta property=\"og:image:height\" content=\"1069\" \/>\n\t<meta property=\"og:image:type\" content=\"image\/jpeg\" \/>\n<meta name=\"twitter:card\" content=\"summary_large_image\" \/>\n<meta name=\"twitter:label1\" content=\"Est. reading time\" \/>\n\t<meta name=\"twitter:data1\" content=\"1 minute\" \/>\n<script type=\"application\/ld+json\" class=\"yoast-schema-graph\">{\"@context\":\"https:\/\/schema.org\",\"@graph\":[{\"@type\":\"WebPage\",\"@id\":\"https:\/\/artdupastelenfrance.fr\/en\/exhibitions\/\",\"url\":\"https:\/\/artdupastelenfrance.fr\/en\/exhibitions\/\",\"name\":\"Exhibitions - Art du Pastel en France\",\"isPartOf\":{\"@id\":\"https:\/\/artdupastelenfrance.fr\/#website\"},\"primaryImageOfPage\":{\"@id\":\"https:\/\/artdupastelenfrance.fr\/en\/exhibitions\/#primaryimage\"},\"image\":{\"@id\":\"https:\/\/artdupastelenfrance.fr\/en\/exhibitions\/#primaryimage\"},\"thumbnailUrl\":\"https:\/\/artdupastelenfrance.fr\/wp-content\/uploads\/2025\/02\/art-pastel-france-expositions.jpg\",\"datePublished\":\"2024-10-24T07:33:18+00:00\",\"dateModified\":\"2025-10-15T13:00:05+00:00\",\"breadcrumb\":{\"@id\":\"https:\/\/artdupastelenfrance.fr\/en\/exhibitions\/#breadcrumb\"},\"inLanguage\":\"en-US\",\"potentialAction\":[{\"@type\":\"ReadAction\",\"target\":[\"https:\/\/artdupastelenfrance.fr\/en\/exhibitions\/\"]}]},{\"@type\":\"ImageObject\",\"inLanguage\":\"en-US\",\"@id\":\"https:\/\/artdupastelenfrance.fr\/en\/exhibitions\/#primaryimage\",\"url\":\"https:\/\/artdupastelenfrance.fr\/wp-content\/uploads\/2025\/02\/art-pastel-france-expositions.jpg\",\"contentUrl\":\"https:\/\/artdupastelenfrance.fr\/wp-content\/uploads\/2025\/02\/art-pastel-france-expositions.jpg\",\"width\":1900,\"height\":1069},{\"@type\":\"BreadcrumbList\",\"@id\":\"https:\/\/artdupastelenfrance.fr\/en\/exhibitions\/#breadcrumb\",\"itemListElement\":[{\"@type\":\"ListItem\",\"position\":1,\"name\":\"Accueil\",\"item\":\"https:\/\/artdupastelenfrance.fr\/en\/\"},{\"@type\":\"ListItem\",\"position\":2,\"name\":\"Exhibitions\"}]},{\"@type\":\"WebSite\",\"@id\":\"https:\/\/artdupastelenfrance.fr\/#website\",\"url\":\"https:\/\/artdupastelenfrance.fr\/\",\"name\":\"Art du Pastel en France\",\"description\":\"\",\"publisher\":{\"@id\":\"https:\/\/artdupastelenfrance.fr\/#organization\"},\"alternateName\":\"APF\",\"potentialAction\":[{\"@type\":\"SearchAction\",\"target\":{\"@type\":\"EntryPoint\",\"urlTemplate\":\"https:\/\/artdupastelenfrance.fr\/?s={search_term_string}\"},\"query-input\":{\"@type\":\"PropertyValueSpecification\",\"valueRequired\":true,\"valueName\":\"search_term_string\"}}],\"inLanguage\":\"en-US\"},{\"@type\":\"Organization\",\"@id\":\"https:\/\/artdupastelenfrance.fr\/#organization\",\"name\":\"Art du Pastel en France\",\"alternateName\":\"APF\",\"url\":\"https:\/\/artdupastelenfrance.fr\/\",\"logo\":{\"@type\":\"ImageObject\",\"inLanguage\":\"en-US\",\"@id\":\"https:\/\/artdupastelenfrance.fr\/#\/schema\/logo\/image\/\",\"url\":\"https:\/\/artdupastelenfrance.fr\/wp-content\/uploads\/2024\/10\/art-pastel-france-favicon.png\",\"contentUrl\":\"https:\/\/artdupastelenfrance.fr\/wp-content\/uploads\/2024\/10\/art-pastel-france-favicon.png\",\"width\":696,\"height\":696,\"caption\":\"Art du Pastel en France\"},\"image\":{\"@id\":\"https:\/\/artdupastelenfrance.fr\/#\/schema\/logo\/image\/\"}}]}<\/script>\n<!-- \/ Yoast SEO plugin. -->","yoast_head_json":{"title":"Exhibitions - Art du Pastel en France","robots":{"index":"index","follow":"follow","max-snippet":"max-snippet:-1","max-image-preview":"max-image-preview:large","max-video-preview":"max-video-preview:-1"},"canonical":"https:\/\/artdupastelenfrance.fr\/en\/exhibitions\/","og_locale":"en_US","og_type":"article","og_title":"Exhibitions - Art du Pastel en France","og_url":"https:\/\/artdupastelenfrance.fr\/en\/exhibitions\/","og_site_name":"Art du Pastel en France","article_modified_time":"2025-10-15T13:00:05+00:00","og_image":[{"width":1900,"height":1069,"url":"https:\/\/artdupastelenfrance.fr\/wp-content\/uploads\/2025\/02\/art-pastel-france-expositions.jpg","type":"image\/jpeg"}],"twitter_card":"summary_large_image","twitter_misc":{"Est. reading time":"1 minute"},"schema":{"@context":"https:\/\/schema.org","@graph":[{"@type":"WebPage","@id":"https:\/\/artdupastelenfrance.fr\/en\/exhibitions\/","url":"https:\/\/artdupastelenfrance.fr\/en\/exhibitions\/","name":"Exhibitions - Art du Pastel en France","isPartOf":{"@id":"https:\/\/artdupastelenfrance.fr\/#website"},"primaryImageOfPage":{"@id":"https:\/\/artdupastelenfrance.fr\/en\/exhibitions\/#primaryimage"},"image":{"@id":"https:\/\/artdupastelenfrance.fr\/en\/exhibitions\/#primaryimage"},"thumbnailUrl":"https:\/\/artdupastelenfrance.fr\/wp-content\/uploads\/2025\/02\/art-pastel-france-expositions.jpg","datePublished":"2024-10-24T07:33:18+00:00","dateModified":"2025-10-15T13:00:05+00:00","breadcrumb":{"@id":"https:\/\/artdupastelenfrance.fr\/en\/exhibitions\/#breadcrumb"},"inLanguage":"en-US","potentialAction":[{"@type":"ReadAction","target":["https:\/\/artdupastelenfrance.fr\/en\/exhibitions\/"]}]},{"@type":"ImageObject","inLanguage":"en-US","@id":"https:\/\/artdupastelenfrance.fr\/en\/exhibitions\/#primaryimage","url":"https:\/\/artdupastelenfrance.fr\/wp-content\/uploads\/2025\/02\/art-pastel-france-expositions.jpg","contentUrl":"https:\/\/artdupastelenfrance.fr\/wp-content\/uploads\/2025\/02\/art-pastel-france-expositions.jpg","width":1900,"height":1069},{"@type":"BreadcrumbList","@id":"https:\/\/artdupastelenfrance.fr\/en\/exhibitions\/#breadcrumb","itemListElement":[{"@type":"ListItem","position":1,"name":"Accueil","item":"https:\/\/artdupastelenfrance.fr\/en\/"},{"@type":"ListItem","position":2,"name":"Exhibitions"}]},{"@type":"WebSite","@id":"https:\/\/artdupastelenfrance.fr\/#website","url":"https:\/\/artdupastelenfrance.fr\/","name":"Art du Pastel en France","description":"","publisher":{"@id":"https:\/\/artdupastelenfrance.fr\/#organization"},"alternateName":"APF","potentialAction":[{"@type":"SearchAction","target":{"@type":"EntryPoint","urlTemplate":"https:\/\/artdupastelenfrance.fr\/?s={search_term_string}"},"query-input":{"@type":"PropertyValueSpecification","valueRequired":true,"valueName":"search_term_string"}}],"inLanguage":"en-US"},{"@type":"Organization","@id":"https:\/\/artdupastelenfrance.fr\/#organization","name":"Art du Pastel en France","alternateName":"APF","url":"https:\/\/artdupastelenfrance.fr\/","logo":{"@type":"ImageObject","inLanguage":"en-US","@id":"https:\/\/artdupastelenfrance.fr\/#\/schema\/logo\/image\/","url":"https:\/\/artdupastelenfrance.fr\/wp-content\/uploads\/2024\/10\/art-pastel-france-favicon.png","contentUrl":"https:\/\/artdupastelenfrance.fr\/wp-content\/uploads\/2024\/10\/art-pastel-france-favicon.png","width":696,"height":696,"caption":"Art du Pastel en France"},"image":{"@id":"https:\/\/artdupastelenfrance.fr\/#\/schema\/logo\/image\/"}}]}},"_links":{"self":[{"href":"https:\/\/artdupastelenfrance.fr\/en\/wp-json\/wp\/v2\/pages\/857","targetHints":{"allow":["GET"]}}],"collection":[{"href":"https:\/\/artdupastelenfrance.fr\/en\/wp-json\/wp\/v2\/pages"}],"about":[{"href":"https:\/\/artdupastelenfrance.fr\/en\/wp-json\/wp\/v2\/types\/page"}],"author":[{"embeddable":true,"href":"https:\/\/artdupastelenfrance.fr\/en\/wp-json\/wp\/v2\/users\/1"}],"replies":[{"embeddable":true,"href":"https:\/\/artdupastelenfrance.fr\/en\/wp-json\/wp\/v2\/comments?post=857"}],"version-history":[{"count":0,"href":"https:\/\/artdupastelenfrance.fr\/en\/wp-json\/wp\/v2\/pages\/857\/revisions"}],"wp:featuredmedia":[{"embeddable":true,"href":"https:\/\/artdupastelenfrance.fr\/en\/wp-json\/wp\/v2\/media\/782"}],"wp:attachment":[{"href":"https:\/\/artdupastelenfrance.fr\/en\/wp-json\/wp\/v2\/media?parent=857"}],"curies":[{"name":"wp","href":"https:\/\/api.w.org\/{rel}","templated":true}]}}